{"id":15,"date":"2024-01-11T10:59:06","date_gmt":"2024-01-11T13:59:06","guid":{"rendered":"https:\/\/analistadisc.com\/?product=analista-comportamental-disc-dehu"},"modified":"2025-04-07T15:23:06","modified_gmt":"2025-04-07T18:23:06","slug":"analista-comportamental-disc-dehu","status":"publish","type":"product","link":"https:\/\/analistadisc.com\/?product=analista-comportamental-disc-dehu","title":{"rendered":"Analista comportamental DISC-DeHu &#8211; MVP 2"},"content":{"rendered":"<\/p>\n<p dir=\"ltr\" style=\"text-align: left;\">\n<p>O<br \/>\nprograma de treinamento do curso ANALISTA COMPORTAMENTAL DISC-DeHu foi<br \/>\nelaborado com base em s\u00f3lidos conhecimentos te\u00f3ricos e pr\u00e1ticos adquiridos pela<br \/>\nnossa empresa de gest\u00e3o ao longo dos anos, gerando mais tarde a nossa<br \/>\norganiza\u00e7\u00e3o de desenvolvimento humano. Fundada em fevereiro de 1990, em Minas<br \/>\nGerais, pelo Professor Wesley de Paula, a GEIN Consultoria j\u00e1 auxiliou centenas<br \/>\nde empresas em todo o Brasil, abrangendo 23 estados do pa\u00eds. A aplica\u00e7\u00e3o<br \/>\npr\u00e1tica, aliada \u00e0 profundidade e assertividade dos conte\u00fados, sempre foi uma<br \/>\npremissa essencial nesse percurso de sucesso.<\/p>\n<p>Para<br \/>\nfamiliarizarmos com as tem\u00e1ticas abordadas neste curso, vamos apresentar os<br \/>\ndetalhes de cada m\u00f3dulo que comp\u00f5em o programa:<\/p>\n<p>\u00b7<br \/>\n<b>M\u00f3dulo<br \/>\n1: Introdu\u00e7\u00e3o &#8211; narrativa sobre os primeiros passos da teoria comportamental; <\/b><\/p>\n<p>\u00b7<br \/>\n<b>M\u00f3dulo<br \/>\n2: Teorias fundamentais e autores principais; <\/b><\/p>\n<p>\u00b7<br \/>\n<b>M\u00f3dulo<br \/>\n3: Tipos comportamentais DISC; <\/b><\/p>\n<p>\u00b7<br \/>\n<b>M\u00f3dulo<br \/>\n4: Pr\u00e1ticas, m\u00e9todos e controle das ferramentas utilizadas. <\/b><\/p>\n<p>Neste<br \/>\ncurso, ser\u00e3o disponibilizados aproximadamente trinta epis\u00f3dios (muitos com mais<br \/>\nde uma hora de extens\u00e3o), nos quais iremos refletir sobre as oportunidades e<br \/>\ndesafios que envolvem a teoria comportamental contida na metodologia DISC-DEHU.<br \/>\nA jornada ir\u00e1 percorrer diversas \u00e1reas, como neg\u00f3cios, direito, educa\u00e7\u00e3o,<br \/>\ntecnologia, sa\u00fade, neuroci\u00eancias, behaviorismo, desenvolvimento humano,<br \/>\nrecrutamento e sele\u00e7\u00e3o, coaching, entre outras.<\/p>\n<p>O<br \/>\nconte\u00fado program\u00e1tico foi inspirado na vasta experi\u00eancia e conhecimento dos<br \/>\nprofessores Wesley de Paula, Emanuele Bohry e Eliane Lopes. Eles estar\u00e3o<br \/>\npresentes nas aulas e materiais, abordando quest\u00f5es fundamentais da nossa<br \/>\nrealidade atual, baseadas em perguntas feitas por alunos e interessados. Al\u00e9m<br \/>\ndisso, tamb\u00e9m ser\u00e1 disponibilizado um e-book de estudos, testes DISC-DEHU para<br \/>\nexerc\u00edcios pr\u00e1ticos e, ainda ser\u00e3o realizados lives quinzenais para comentar<br \/>\nideias e reflex\u00f5es apresentadas ao longo do curso, enriquecendo ainda mais as<br \/>\ndiscuss\u00f5es e esclarecendo d\u00favidas ao longo do percurso.<\/p>\n<p>Algumas<br \/>\naulas trar\u00e3o n\u00e3o apenas ensinamentos te\u00f3ricos e reflex\u00f5es, mas tamb\u00e9m<br \/>\nexerc\u00edcios pr\u00e1ticos, essenciais para consolidar o conhecimento apresentado.<br \/>\nCada aula ser\u00e1 acompanhada por um question\u00e1rio para avaliar o seu n\u00edvel de<br \/>\ncompreens\u00e3o do assunto, sendo atribu\u00eddas notas para cada uma delas.<\/p>\n<p>Obtendo<br \/>\numa pontua\u00e7\u00e3o igual ou superior a 60%, voc\u00ea receber\u00e1 um certificado oficial de<br \/>\nANALISTA COMPORTAMENTAL DISC-DEHU, demonstrando sua capacidade de adquirir e<br \/>\naplicar o teste. Notas abaixo de 60% garantem um certificado de participa\u00e7\u00e3o.<br \/>\nRecomendamos que voc\u00ea tamb\u00e9m realize estudos adicionais, buscando aprofundar<br \/>\nainda mais os conte\u00fados apresentados. Desejamos \u00f3timos estudos!<\/p>\n<p>\n","protected":false},"excerpt":{"rendered":"","protected":false},"featured_media":549,"comment_status":"open","ping_status":"closed","template":"","meta":[],"product_cat":[15],"product_tag":[],"jetpack_sharing_enabled":true,"_links":{"self":[{"href":"https:\/\/analistadisc.com\/index.php?rest_route=\/wp\/v2\/product\/15"}],"collection":[{"href":"https:\/\/analistadisc.com\/index.php?rest_route=\/wp\/v2\/product"}],"about":[{"href":"https:\/\/analistadisc.com\/index.php?rest_route=\/wp\/v2\/types\/product"}],"replies":[{"embeddable":true,"href":"https:\/\/analistadisc.com\/index.php?rest_route=%2Fwp%2Fv2%2Fcomments&post=15"}],"wp:featuredmedia":[{"embeddable":true,"href":"https:\/\/analistadisc.com\/index.php?rest_route=\/wp\/v2\/media\/549"}],"wp:attachment":[{"href":"https:\/\/analistadisc.com\/index.php?rest_route=%2Fwp%2Fv2%2Fmedia&parent=15"}],"wp:term":[{"taxonomy":"product_cat","embeddable":true,"href":"https:\/\/analistadisc.com\/index.php?rest_route=%2Fwp%2Fv2%2Fproduct_cat&post=15"},{"taxonomy":"product_tag","embeddable":true,"href":"https:\/\/analistadisc.com\/index.php?rest_route=%2Fwp%2Fv2%2Fproduct_tag&post=15"}],"curies":[{"name":"wp","href":"https:\/\/api.w.org\/{rel}","templated":true}]}}