{"id":551,"date":"2024-09-23T13:31:15","date_gmt":"2024-09-23T16:31:15","guid":{"rendered":"https:\/\/analistadisc.com\/?product=realizadores-a-arte-de-encontrar-saidas"},"modified":"2024-09-23T13:31:15","modified_gmt":"2024-09-23T16:31:15","slug":"realizadores-a-arte-de-encontrar-saidas","status":"publish","type":"product","link":"https:\/\/analistadisc.com\/?product=realizadores-a-arte-de-encontrar-saidas","title":{"rendered":"REALIZADORES &#8211; A arte de encontrar sa\u00eddas"},"content":{"rendered":"<p dir=\"ltr\" style=\"text-align:left\">Nossas escolhas e formas de resolver as quest\u00f5es da vida s\u00e3o fonte de grandes solu\u00e7\u00f5es pr\u00e1ticas ou de problemas, afli\u00e7\u00f5es e dores. No curso REALIZADORES &#8211; A ARTE DE ENCONTRAR SA\u00cdDAS, voc\u00ea tomar\u00e1 conhecimento das principais t\u00e9cnicas aplicadas ao longo dos \u00faltimos mil\u00eanios de hist\u00f3ria, cujo objetivo e consequ\u00eancia \u00e9, de fato, contornar as circunst\u00e2ncias e alcan\u00e7ar a plenitude. <\/p>\n<p dir=\"ltr\" style=\"text-align:left\">Dividido em 8 aulas de grande conte\u00fado e muita base te\u00f3rica, com aulas ricamente ilustradas, voc\u00ea tomar\u00e1 conhecimento de: 1) Como superar desafios; 2) Identificando as for\u00e7as e fatores que te cercam e podem te favorecer e ou desfavorecer (teoria da envolt\u00f3ria); 3) A busca pela verdade: a diferen\u00e7a entre percep\u00e7\u00e3o e realidade; 4) Como seu modelo mental define sua vida e como modificar isso; 5) Como as nossas cren\u00e7as podem nos limitar a realidade; 6) Descobrir a verdade como modo de vencer: t\u00e9cnicas de an\u00e1lise; 7) Decidir certo como diferencial de abund\u00e2ncia (t\u00e9cnicas de decis\u00e3o); 8) Conclus\u00e3o: creia em si<\/p>\n<p dir=\"ltr\" style=\"text-align:left\">Al\u00e9m de tudo, ao fazer o curso voc\u00ea vai fazer um dos testes comportamentais mais profundos e esclarecedores j\u00e1 existentes: o CREN\u00c7AS LIMITANTES (32 p\u00e1ginas de insights comportamentais). S\u00e3o acrescidos ainda slides de aula, apostilas e \u00e1udiobooks.<\/p>\n","protected":false},"excerpt":{"rendered":"<p>Nossas escolhas e formas de resolver as quest\u00f5es da vida s\u00e3o fonte de grandes solu\u00e7\u00f5es pr\u00e1ticas ou de problemas, afli\u00e7\u00f5es e dores. No curso REALIZADORES &#8211; A ARTE DE ENCONTRAR SA\u00cdDAS, voc\u00ea tomar\u00e1 conhecimento das principais t\u00e9cnicas aplicadas ao longo dos \u00faltimos mil\u00eanios de hist\u00f3ria, cujo objetivo e consequ\u00eancia \u00e9, de fato, contornar as circunst\u00e2ncias [&hellip;]<\/p>\n","protected":false},"featured_media":552,"comment_status":"open","ping_status":"closed","template":"","meta":[],"product_cat":[],"product_tag":[],"jetpack_sharing_enabled":true,"_links":{"self":[{"href":"https:\/\/analistadisc.com\/index.php?rest_route=\/wp\/v2\/product\/551"}],"collection":[{"href":"https:\/\/analistadisc.com\/index.php?rest_route=\/wp\/v2\/product"}],"about":[{"href":"https:\/\/analistadisc.com\/index.php?rest_route=\/wp\/v2\/types\/product"}],"replies":[{"embeddable":true,"href":"https:\/\/analistadisc.com\/index.php?rest_route=%2Fwp%2Fv2%2Fcomments&post=551"}],"wp:featuredmedia":[{"embeddable":true,"href":"https:\/\/analistadisc.com\/index.php?rest_route=\/wp\/v2\/media\/552"}],"wp:attachment":[{"href":"https:\/\/analistadisc.com\/index.php?rest_route=%2Fwp%2Fv2%2Fmedia&parent=551"}],"wp:term":[{"taxonomy":"product_cat","embeddable":true,"href":"https:\/\/analistadisc.com\/index.php?rest_route=%2Fwp%2Fv2%2Fproduct_cat&post=551"},{"taxonomy":"product_tag","embeddable":true,"href":"https:\/\/analistadisc.com\/index.php?rest_route=%2Fwp%2Fv2%2Fproduct_tag&post=551"}],"curies":[{"name":"wp","href":"https:\/\/api.w.org\/{rel}","templated":true}]}}